{"id":25,"date":"2017-04-05T14:13:11","date_gmt":"2017-04-05T12:13:11","guid":{"rendered":"http:\/\/www.francescoinassisi.com\/ES\/?page_id=25"},"modified":"2022-08-21T14:48:16","modified_gmt":"2022-08-21T12:48:16","slug":"homepage","status":"publish","type":"page","link":"http:\/\/www.francescoinassisi.com\/ES\/","title":{"rendered":"Homepage"},"content":{"rendered":"<h1>En nuestra p\u00e1gina web podr\u00e1 visualizar ya sea las habitaciones de nuestro <strong>B&amp;B<\/strong> <em>Francesco in Assisi<\/em>.<\/h1>\n<p><span class=\"articolo\">Dirigimos personalmente el B&amp;B Francesco in Assisi. La idea de hospedar personas procedentes de todas partes del mundo y difundir la proverbial cordialidad y la cultura del recibimiento, t\u00edpicas de As\u00eds y de su historia Franciscana, nos ha inducido a abrir nuestra casa a la hospitalidad. Condividimos con inmenso placer con nuestros hu\u00e9spedes el conocimiento y el amor que nosotros mismos sentimos por la tierra donde nacimos y en la que nos enorgullece vivir. Estaremos encantados de aconsejarles itinerarios tur\u00edsticos, visitas a iglesias, museos y edificios hist\u00f3ricos, restaurantes t\u00edpicos, tiendas caracter\u00edsticas y artesanales, y dar a conocer Umbr\u00eda y As\u00eds tambi\u00e9n a trav\u00e9s de sus gentes convencidos de que dejar\u00e1n un recuerdo indeleble en sus corazones.<\/span><\/p>\n<p class=\"articolo\" style=\"text-align: right;\"><b>La Familia Carloni<\/b><\/p>\n<div id=\"themify_builder_content-25\" data-postid=\"25\" class=\"themify_builder_content themify_builder_content-25 themify_builder themify_builder_front\">\r\n\r\n\t<\/div>\r\n<!-- \/themify_builder_content -->","protected":false},"excerpt":{"rendered":"<p>En nuestra p\u00e1gina web podr\u00e1 visualizar ya sea las habitaciones de nuestro B&amp;B Francesco in Assisi. Dirigimos personalmente el B&amp;B Francesco in Assisi. La idea de hospedar personas procedentes de todas partes del mundo y difundir la proverbial cordialidad y la cultura del recibimiento, t\u00edpicas de As\u00eds y de su historia Franciscana, nos ha inducido &hellip; <\/p>\n<p class=\"link-more\"><a href=\"http:\/\/www.francescoinassisi.com\/ES\/\" class=\"more-link\">Leggi tutto<span class=\"screen-reader-text\"> &#8220;Homepage&#8221;<\/span><\/a><\/p>\n","protected":false},"author":1,"featured_media":147,"parent":0,"menu_order":0,"comment_status":"closed","ping_status":"closed","template":"","meta":[],"_links":{"self":[{"href":"http:\/\/www.francescoinassisi.com\/ES\/wp-json\/wp\/v2\/pages\/25"}],"collection":[{"href":"http:\/\/www.francescoinassisi.com\/ES\/wp-json\/wp\/v2\/pages"}],"about":[{"href":"http:\/\/www.francescoinassisi.com\/ES\/wp-json\/wp\/v2\/types\/page"}],"author":[{"embeddable":true,"href":"http:\/\/www.francescoinassisi.com\/ES\/wp-json\/wp\/v2\/users\/1"}],"replies":[{"embeddable":true,"href":"http:\/\/www.francescoinassisi.com\/ES\/wp-json\/wp\/v2\/comments?post=25"}],"version-history":[{"count":5,"href":"http:\/\/www.francescoinassisi.com\/ES\/wp-json\/wp\/v2\/pages\/25\/revisions"}],"predecessor-version":[{"id":394,"href":"http:\/\/www.francescoinassisi.com\/ES\/wp-json\/wp\/v2\/pages\/25\/revisions\/394"}],"wp:featuredmedia":[{"embeddable":true,"href":"http:\/\/www.francescoinassisi.com\/ES\/wp-json\/wp\/v2\/media\/147"}],"wp:attachment":[{"href":"http:\/\/www.francescoinassisi.com\/ES\/wp-json\/wp\/v2\/media?parent=25"}],"curies":[{"name":"wp","href":"https:\/\/api.w.org\/{rel}","templated":true}]}}